{"id":312,"date":"2013-02-11T16:24:04","date_gmt":"2013-02-11T14:24:04","guid":{"rendered":"http:\/\/webowiec.net\/blog\/?page_id=312"},"modified":"2015-11-25T18:34:57","modified_gmt":"2015-11-25T16:34:57","slug":"pisza-o-nas","status":"publish","type":"page","link":"https:\/\/webowiec.net\/blog\/pisza-o-nas\/","title":{"rendered":"Pisz\u0105 o nas"},"content":{"rendered":"<p><strong>Na tej podstronie b\u0119d\u0119 zamieszcza\u0142 linki do stron, na kt\u00f3rych mo\u017cna znale\u017a\u0107 artyku\u0142y dotycz\u0105ce portalu webowiec.net oraz tego bloga.<\/strong><\/p>\n<p><a href=\"http:\/\/legalna-strona.pl\/webowiec-net-portal-dla-webmastera\/\" title=\"webowiec.net - portal dla webmastera\">webowiec.net &#8211; portal dla webmastera<\/a> &#8211; Ka\u017cdy webmaster docenia dobr\u0105 i fachow\u0105 pomoc przy tworzeniu stron www. Blog webowiec.net \u2013 komponenty www to jeden z tych serwis\u00f3w, do kt\u00f3rych wraca si\u0119 z sentymentem. <\/p>\n<p><a href=\"http:\/\/katalog.ig.info.pl\/kategorie\/tworzenie-stron-www\/webowiec-net-blog-webmasterski\/\">webowiec.net &#8211; blog webmasterski<\/a> &#8211; Co wyr\u00f3\u017cnia serwis webowiec.net? Przede wszystkim proste i zrozumia\u0142e dla ka\u017cdego artyku\u0142y. Pocz\u0105tkuj\u0105cy webmaster z pewno\u015bci\u0105 doceni spos\u00f3b prowadzenia np. kursu css.<\/p>\n<p><strong>Pozosta\u0142e linki:<\/strong><br \/>\n<a href=\"http:\/\/www.djoles.pl\" title=\"wyszukiwarka mp3\">wyszukiwarka mp3<\/a> &#8211; portal z mp3 do pobrania za darmo<br \/>\n<a href=\"http:\/\/legalna-strona.pl\/\" title=\"legalna strona\">legalna strona<\/a> &#8211; katalog legalnych stron internetowych<br \/>\n<a href=\"http:\/\/katalog.ig.info.pl\/\" title=\"katalog stron IG\">katalog stron IG<\/a> &#8211; katalog stron internetowych projektowanych przez IG<\/p>\n","protected":false},"excerpt":{"rendered":"<p>Na tej podstronie b\u0119d\u0119 zamieszcza\u0142 linki do stron, na kt\u00f3rych mo\u017cna znale\u017a\u0107 artyku\u0142y dotycz\u0105ce portalu webowiec.net oraz tego bloga. webowiec.net &#8211; portal dla webmastera &#8211; Ka\u017cdy webmaster docenia dobr\u0105 i fachow\u0105 pomoc przy tworzeniu stron www. Blog webowiec.net \u2013 komponenty &hellip; <a href=\"https:\/\/webowiec.net\/blog\/pisza-o-nas\/\" class=\"btn btn-sm btn-primary\"><i class=\"glyphicon glyphicon-link\"><\/i> Czytaj ca\u0142o\u015b\u0107<\/a><\/p>\n","protected":false},"author":4,"featured_media":0,"parent":0,"menu_order":0,"comment_status":"open","ping_status":"open","template":"","meta":{"footnotes":""},"class_list":["post-312","page","type-page","status-publish","hentry"],"_links":{"self":[{"href":"https:\/\/webowiec.net\/blog\/wp-json\/wp\/v2\/pages\/312","targetHints":{"allow":["GET"]}}],"collection":[{"href":"https:\/\/webowiec.net\/blog\/wp-json\/wp\/v2\/pages"}],"about":[{"href":"https:\/\/webowiec.net\/blog\/wp-json\/wp\/v2\/types\/page"}],"author":[{"embeddable":true,"href":"https:\/\/webowiec.net\/blog\/wp-json\/wp\/v2\/users\/4"}],"replies":[{"embeddable":true,"href":"https:\/\/webowiec.net\/blog\/wp-json\/wp\/v2\/comments?post=312"}],"version-history":[{"count":7,"href":"https:\/\/webowiec.net\/blog\/wp-json\/wp\/v2\/pages\/312\/revisions"}],"predecessor-version":[{"id":529,"href":"https:\/\/webowiec.net\/blog\/wp-json\/wp\/v2\/pages\/312\/revisions\/529"}],"wp:attachment":[{"href":"https:\/\/webowiec.net\/blog\/wp-json\/wp\/v2\/media?parent=312"}],"curies":[{"name":"wp","href":"https:\/\/api.w.org\/{rel}","templated":true}]}}