{"id":390,"date":"2014-10-08T10:34:49","date_gmt":"2014-10-08T08:34:49","guid":{"rendered":"http:\/\/webowiec.net\/blog\/?page_id=390"},"modified":"2014-10-08T10:34:49","modified_gmt":"2014-10-08T08:34:49","slug":"test-mmselect","status":"publish","type":"page","link":"https:\/\/webowiec.net\/blog\/test-mmselect\/","title":{"rendered":"test-mmselect"},"content":{"rendered":"<div role=\"form\" class=\"wpcf7\" id=\"wpcf7-f389-o1\" lang=\"pl-PL\" dir=\"ltr\">\n<div class=\"screen-reader-response\"><p role=\"status\" aria-live=\"polite\" aria-atomic=\"true\"><\/p> <ul><\/ul><\/div>\n<form action=\"\/blog\/wp-json\/wp\/v2\/pages\/390#wpcf7-f389-o1\" method=\"post\" class=\"wpcf7-form init\" novalidate=\"novalidate\" data-status=\"init\">\n<div style=\"display: none;\">\n<input type=\"hidden\" name=\"_wpcf7\" value=\"389\" \/>\n<input type=\"hidden\" name=\"_wpcf7_version\" value=\"5.3.2\" \/>\n<input type=\"hidden\" name=\"_wpcf7_locale\" value=\"pl_PL\" \/>\n<input type=\"hidden\" name=\"_wpcf7_unit_tag\" value=\"wpcf7-f389-o1\" \/>\n<input type=\"hidden\" name=\"_wpcf7_container_post\" value=\"0\" \/>\n<input type=\"hidden\" name=\"_wpcf7_posted_data_hash\" value=\"\" \/>\n<\/div>\n<p>DEMO do wtyczki: <a href=\"https:\/\/webowiec.net\/blog\/wordpress-contact-form-7-multi-level-select\/\">[wordpress] [contect form 7] multi level select<\/a><\/p>\n<p><u>Zawarto\u015b\u0107 pliku tekstowego \"mmselect_data.txt\":<\/u><\/p>\n<pre>\nPolska\n\tMazowieckie\n\t\tWarszawa\n\t\tRadom\n\t\tP\u0142ock\n\t\tSiedlce\n\t\u015al\u0105sdkie\n\tWielkopolskie\n\tPodkarpackie\n\t\tRzesz\u00f3w\n\t\tMielec\n\tPomorskie\nNiemcy\n\tLand1\n\t\tCity1\n\t\tCity2\n\t\tCity3\n\tLand2\nUSA\n\tCalifornia\n\t\tCity1\n\t\tCity2\ninny..\n<\/pre>\n<p><u>Kod:<\/u><br \/>\n<b>[<\/b>mmselect nazwa_pola \"\/PELNA-SCIEZKA-DO\/mmselect_data.txt\" \"Wybierz kraj\" \"Wybierz wojew\u00f3dztwo\" \"Wybierz miasto\"<b>]<\/b><\/p>\n<p><u>Podgl\u0105d wtyczki:<\/u><\/p>\n<p>[mmselect nazwa_pola \"\/home\/webowiec\/domains\/webowiec.net\/public_html\/blog\/mmselect_data.txt\" \"Wybierz kraj\" \"Wybierz wojew\u00f3dztwo\" \"Wybierz miasto\"]<\/p>\n<p><u>Aby zapisa\u0107 warto\u015b\u0107 wybrana przez usera, w tre\u015bci wiadomo\u015bci dodaj:<\/u><br \/>\n<b>Warto\u015b\u0107 wielo-pozomowego SELECT: [nazwa_pola]<\/b><\/p>\n<div class=\"wpcf7-response-output\" aria-hidden=\"true\"><\/div><\/form><\/div>\n","protected":false},"excerpt":{"rendered":"","protected":false},"author":1,"featured_media":0,"parent":0,"menu_order":0,"comment_status":"open","ping_status":"open","template":"","meta":{"footnotes":""},"class_list":["post-390","page","type-page","status-publish","hentry"],"_links":{"self":[{"href":"https:\/\/webowiec.net\/blog\/wp-json\/wp\/v2\/pages\/390","targetHints":{"allow":["GET"]}}],"collection":[{"href":"https:\/\/webowiec.net\/blog\/wp-json\/wp\/v2\/pages"}],"about":[{"href":"https:\/\/webowiec.net\/blog\/wp-json\/wp\/v2\/types\/page"}],"author":[{"embeddable":true,"href":"https:\/\/webowiec.net\/blog\/wp-json\/wp\/v2\/users\/1"}],"replies":[{"embeddable":true,"href":"https:\/\/webowiec.net\/blog\/wp-json\/wp\/v2\/comments?post=390"}],"version-history":[{"count":1,"href":"https:\/\/webowiec.net\/blog\/wp-json\/wp\/v2\/pages\/390\/revisions"}],"predecessor-version":[{"id":391,"href":"https:\/\/webowiec.net\/blog\/wp-json\/wp\/v2\/pages\/390\/revisions\/391"}],"wp:attachment":[{"href":"https:\/\/webowiec.net\/blog\/wp-json\/wp\/v2\/media?parent=390"}],"curies":[{"name":"wp","href":"https:\/\/api.w.org\/{rel}","templated":true}]}}